{"id":718,"date":"2020-04-04T20:21:53","date_gmt":"2020-04-04T20:21:53","guid":{"rendered":"https:\/\/hanoglukablo.com.tr\/en\/?page_id=718"},"modified":"2022-04-15T06:35:12","modified_gmt":"2022-04-15T06:35:12","slug":"transparent-cable-with-suspension-wire-2","status":"publish","type":"page","link":"https:\/\/hanoglukablo.com.tr\/en\/urunler\/chandelier-cables\/transparent-cable-with-suspension-wire-2\/","title":{"rendered":"Transparent Cable With Suspension Wire)"},"content":{"rendered":"<p>[vc_row full_width=&#8221;stretch_row&#8221; css=&#8221;.vc_custom_1583010896574{background-color: #ffffff !important;}&#8221;][vc_column width=&#8221;2\/3&#8243;][vc_row_inner equal_height=&#8221;yes&#8221; content_placement=&#8221;top&#8221;][vc_column_inner][vc_column_text]<\/p>\n<h4 class=\"title\">Special Transparent Cable (Flat)<\/h4>\n<div id=\"gtx-trans\" style=\"position: absolute; left: 196px; top: 54.9219px;\">\n<div class=\"gtx-trans-icon\"><\/div>\n<\/div>\n<p>[\/vc_column_text][vc_single_image image=&#8221;735&#8243; img_size=&#8221;full&#8221; alignment=&#8221;center&#8221; style=&#8221;vc_box_shadow_3d&#8221;][\/vc_column_inner][\/vc_row_inner][vc_row_inner equal_height=&#8221;yes&#8221; content_placement=&#8221;middle&#8221; css=&#8221;.vc_custom_1583249081111{margin-top: -50px !important;border-bottom-width: 1px !important;border-bottom-color: #e0e0e0 !important;border-bottom-style: solid !important;border-radius: 1px !important;}&#8221;][vc_column_inner width=&#8221;1\/3&#8243;][vc_single_image image=&#8221;628&#8243; img_size=&#8221;full&#8221; alignment=&#8221;right&#8221;][\/vc_column_inner][vc_column_inner width=&#8221;1\/3&#8243;][\/vc_column_inner][vc_column_inner width=&#8221;1\/3&#8243;]<div class=\"aio-icon-component    style_1\"><a class=\"aio-icon-box-link\" href=\"https:\/\/hanoglukablo.com.tr\/en\/wp-content\/uploads\/2020\/04\/O\u0308ZEL-S\u0327EFFAF-KABLO-Bal\u0131k-S\u0131rt\u0131-1.pdf\" ><div id=\"Info-box-wrap-2583\" class=\"aio-icon-box right-icon\" style=\"\"  ><div class=\"aio-ibd-block\" ><div class=\"aio-icon-header\" ><h3 class=\"aio-icon-title ult-responsive\"  data-ultimate-target='#Info-box-wrap-2583 .aio-icon-title'  data-responsive-json-new='{\"font-size\":\"\",\"line-height\":\"\"}'  style=\"\">PDF CATALOG<\/h3><\/div> <!-- header --><\/div> <!-- aio-ibd-block --><div class=\"aio-icon-right\"><div class=\"ult-just-icon-wrapper  \"><div class=\"align-icon\" style=\"text-align:center;\">\n<div class=\"aio-icon none \"  style=\"color:#333;font-size:32px;display:inline-block;\">\n\t<i class=\"Defaults-file-pdf-o\"><\/i>\n<\/div><\/div><\/div><\/div><\/div> <!-- aio-icon-box --><\/a><\/div> <!-- aio-icon-component -->[\/vc_column_inner][\/vc_row_inner][vc_tta_tabs style=&#8221;flat&#8221; shape=&#8221;square&#8221; color=&#8221;peacoc&#8221; active_section=&#8221;1&#8243; no_fill_content_area=&#8221;true&#8221;][vc_tta_section title=&#8221;Standards&#8221; tab_id=&#8221;1585971030471-c023df42-d2e7&#8243;][vc_column_text][\/vc_column_text][\/vc_tta_section][vc_tta_section title=&#8221;Structure&#8221; tab_id=&#8221;1585971030570-65ea3bf6-ef53&#8243;][vc_column_text]Conductor wires electrolytic stranded tinned or untinned copper wire, cores and outer sheath PVC insulated, flexible cord cables.[\/vc_column_text][\/vc_tta_section][vc_tta_section title=&#8221;Application&#8221; tab_id=&#8221;1585971030680-fdba51fa-57c7&#8243;][vc_column_text]<\/p>\n<p class=\"p1\">Transparent Cable: It is used in indoor facilities, kitchens, offices, lighting works and light portable devices.<\/p>\n<p>[\/vc_column_text][\/vc_tta_section][vc_tta_section title=&#8221;Technical Data&#8221; tab_id=&#8221;1585971030749-20395a9c-2987&#8243;][vc_column_text]<\/p>\n<div><strong>Rated Voltage <\/strong>300\/300 V<\/div>\n<div><strong>Test Voltage<\/strong> 2000 V 2000 V<\/div>\n<div id=\"gtx-trans\" style=\"position: absolute; left: 225px; top: -16px;\">\n<div class=\"gtx-trans-icon\"><\/div>\n<\/div>\n<p>[\/vc_column_text][\/vc_tta_section][vc_tta_section title=&#8221;Cross Section&#8221; tab_id=&#8221;1586216033005-0651a058-2615&#8243;][vc_single_image image=&#8221;862&#8243; img_size=&#8221;full&#8221; alignment=&#8221;center&#8221;][\/vc_tta_section][\/vc_tta_tabs][vc_empty_space][\/vc_column][vc_column width=&#8221;1\/3&#8243; css=&#8221;.vc_custom_1583101814977{border-left-width: 1px !important;border-left-color: #d3d3d3 !important;border-left-style: dashed !important;border-radius: 1px !important;}&#8221;][vc_column_text css=&#8221;.vc_custom_1650003957476{margin-left: 30px !important;}&#8221;]<\/p>\n<h5>Chandelier Lighting Cables<\/h5>\n<p>[\/vc_column_text][vc_wp_custommenu nav_menu=&#8221;4&#8243;][\/vc_column][\/vc_row]<\/p>\n","protected":false},"excerpt":{"rendered":"<p>[vc_row full_width=&#8221;stretch_row&#8221; css=&#8221;.vc_custom_1583010896574{background-color: #ffffff !important;}&#8221;][vc_column width=&#8221;2\/3&#8243;][vc_row_inner equal_height=&#8221;yes&#8221; content_placement=&#8221;top&#8221;][vc_column_inner][vc_column_text] Special Transparent Cable (Flat) [\/vc_column_text][vc_single_image image=&#8221;735&#8243; img_size=&#8221;full&#8221; alignment=&#8221;center&#8221; style=&#8221;vc_box_shadow_3d&#8221;][\/vc_column_inner][\/vc_row_inner][vc_row_inner equal_height=&#8221;yes&#8221; content_placement=&#8221;middle&#8221; css=&#8221;.vc_custom_1583249081111{margin-top: -50px !important;border-bottom-width: 1px !important;border-bottom-color: #e0e0e0 !important;border-bottom-style:<span class=\"excerpt-hellip\"> [\u2026]<\/span><\/p>\n","protected":false},"author":1,"featured_media":0,"parent":276,"menu_order":0,"comment_status":"closed","ping_status":"closed","template":"","meta":{"_mc_calendar":[],"footnotes":""},"class_list":["post-718","page","type-page","status-publish","hentry"],"_links":{"self":[{"href":"https:\/\/hanoglukablo.com.tr\/en\/wp-json\/wp\/v2\/pages\/718","targetHints":{"allow":["GET"]}}],"collection":[{"href":"https:\/\/hanoglukablo.com.tr\/en\/wp-json\/wp\/v2\/pages"}],"about":[{"href":"https:\/\/hanoglukablo.com.tr\/en\/wp-json\/wp\/v2\/types\/page"}],"author":[{"embeddable":true,"href":"https:\/\/hanoglukablo.com.tr\/en\/wp-json\/wp\/v2\/users\/1"}],"replies":[{"embeddable":true,"href":"https:\/\/hanoglukablo.com.tr\/en\/wp-json\/wp\/v2\/comments?post=718"}],"version-history":[{"count":4,"href":"https:\/\/hanoglukablo.com.tr\/en\/wp-json\/wp\/v2\/pages\/718\/revisions"}],"predecessor-version":[{"id":1406,"href":"https:\/\/hanoglukablo.com.tr\/en\/wp-json\/wp\/v2\/pages\/718\/revisions\/1406"}],"up":[{"embeddable":true,"href":"https:\/\/hanoglukablo.com.tr\/en\/wp-json\/wp\/v2\/pages\/276"}],"wp:attachment":[{"href":"https:\/\/hanoglukablo.com.tr\/en\/wp-json\/wp\/v2\/media?parent=718"}],"curies":[{"name":"wp","href":"https:\/\/api.w.org\/{rel}","templated":true}]}}